{"id":2376,"date":"2024-11-27T15:56:04","date_gmt":"2024-11-27T14:56:04","guid":{"rendered":"https:\/\/hyatt.d4dcloud.com\/arrival\/"},"modified":"2025-01-08T14:55:30","modified_gmt":"2025-01-08T14:55:30","slug":"ankunft","status":"publish","type":"page","link":"https:\/\/thecircleconventioncenter.ch\/de\/ankunft\/","title":{"rendered":"Ankunft"},"content":{"rendered":"\t\t<div data-elementor-type=\"wp-post\" data-elementor-id=\"2376\" class=\"elementor elementor-2376 elementor-2089\" data-elementor-post-type=\"page\">\n\t\t\t\t<div class=\"elementor-element elementor-element-3a4081a e-flex e-con-boxed e-con e-parent\" data-id=\"3a4081a\" data-element_type=\"container\" data-e-type=\"container\">\n\t\t\t\t\t<div class=\"e-con-inner\">\n\t\t\t\t<div class=\"elementor-element elementor-element-87f84f4 elementor-widget__width-inherit elementor-widget elementor-widget-heading\" data-id=\"87f84f4\" data-element_type=\"widget\" data-e-type=\"widget\" data-widget_type=\"heading.default\">\n\t\t\t\t<div class=\"elementor-widget-container\">\n\t\t\t\t\t<h2 class=\"elementor-heading-title elementor-size-default\">Einfache Ankunft,<\/h2>\t\t\t\t<\/div>\n\t\t\t\t<\/div>\n\t\t\t\t<div class=\"elementor-element elementor-element-49dadd2 elementor-widget__width-inherit elementor-widget elementor-widget-heading\" data-id=\"49dadd2\" data-element_type=\"widget\" data-e-type=\"widget\" data-widget_type=\"heading.default\">\n\t\t\t\t<div class=\"elementor-widget-container\">\n\t\t\t\t\t<h3 class=\"elementor-heading-title elementor-size-default\">Nahtlos verbunden<\/h3>\t\t\t\t<\/div>\n\t\t\t\t<\/div>\n\t\t\t\t<div class=\"elementor-element elementor-element-5ad28da elementor-widget elementor-widget-text-editor\" data-id=\"5ad28da\" data-element_type=\"widget\" data-e-type=\"widget\" data-widget_type=\"text-editor.default\">\n\t\t\t\t<div class=\"elementor-widget-container\">\n\t\t\t\t\t\t\t\t\t<p>Perfekt verbunden mit dem Flughafen Z\u00fcrich und dem Herzen der Stadt bietet The Circle unvergleichliche Bequemlichkeit und Erreichbarkeit.<\/p>\t\t\t\t\t\t\t\t<\/div>\n\t\t\t\t<\/div>\n\t\t\t\t\t<\/div>\n\t\t\t\t<\/div>\n\t\t<div class=\"elementor-element elementor-element-e228428 e-flex e-con-boxed e-con e-parent\" data-id=\"e228428\" data-element_type=\"container\" data-e-type=\"container\">\n\t\t\t\t\t<div class=\"e-con-inner\">\n\t\t\t\t<div class=\"elementor-element elementor-element-e439b76 elementor-view-default elementor-widget elementor-widget-icon\" data-id=\"e439b76\" data-element_type=\"widget\" data-e-type=\"widget\" data-widget_type=\"icon.default\">\n\t\t\t\t<div class=\"elementor-widget-container\">\n\t\t\t\t\t\t\t<div class=\"elementor-icon-wrapper\">\n\t\t\t<div class=\"elementor-icon\">\n\t\t\t<svg xmlns=\"http:\/\/www.w3.org\/2000\/svg\" viewBox=\"0 0 48 48\" width=\"65px\" height=\"65px\"><path d=\"M 24 2 C 14.622621 2 7 9.6226205 7 19 C 7 23.917764 10.428313 30.402924 14.134766 35.875 C 15.987992 38.611038 17.925937 41.062739 19.603516 42.861328 C 20.442305 43.760623 21.213089 44.496777 21.90625 45.035156 C 22.599411 45.573535 23.137043 46 24 46 C 24.862957 46 25.400589 45.573535 26.09375 45.035156 C 26.786911 44.496777 27.557695 43.760623 28.396484 42.861328 C 30.074063 41.062739 32.012008 38.611038 33.865234 35.875 C 37.571687 30.402924 41 23.917764 41 19 C 41 9.6226205 33.377379 2 24 2 z M 24 4 C 32.296621 4 39 10.703379 39 19 C 39 22.919236 35.811532 29.435232 32.208984 34.753906 C 30.407711 37.413243 28.517093 39.802417 26.935547 41.498047 C 26.144774 42.345862 25.426917 43.020336 24.867188 43.455078 C 24.459883 43.771431 24.102208 43.913514 24 43.96875 C 23.897792 43.913514 23.540117 43.771431 23.132812 43.455078 C 22.573083 43.020336 21.855226 42.345862 21.064453 41.498047 C 19.482907 39.802417 17.592289 37.413243 15.791016 34.753906 C 12.188468 29.435232 9 22.919236 9 19 C 9 10.703379 15.703379 4 24 4 z M 24 9 C 18.488994 9 14 13.488998 14 19 C 14 24.511002 18.488994 29 24 29 C 29.511006 29 34 24.511002 34 19 C 34 13.488998 29.511006 9 24 9 z M 24 11 C 28.430126 11 32 14.569877 32 19 C 32 23.430123 28.430126 27 24 27 C 19.569874 27 16 23.430123 16 19 C 16 14.569877 19.569874 11 24 11 z M 23.060547 13.589844 A 1.0001 1.0001 0 0 0 22.892578 13.611328 C 20.384601 14.125162 18.5 16.35205 18.5 19 A 1.0001 1.0001 0 1 0 20.5 19 C 20.5 17.29795 21.700946 15.896484 23.292969 15.570312 A 1.0001 1.0001 0 0 0 23.060547 13.589844 z\"><\/path><\/svg>\t\t\t<\/div>\n\t\t<\/div>\n\t\t\t\t\t\t<\/div>\n\t\t\t\t<\/div>\n\t\t\t\t<div class=\"elementor-element elementor-element-6c6c229 elementor-widget__width-inherit elementor-widget elementor-widget-heading\" data-id=\"6c6c229\" data-element_type=\"widget\" data-e-type=\"widget\" data-widget_type=\"heading.default\">\n\t\t\t\t<div class=\"elementor-widget-container\">\n\t\t\t\t\t<h2 class=\"elementor-heading-title elementor-size-default\">Anreise<\/h2>\t\t\t\t<\/div>\n\t\t\t\t<\/div>\n\t\t\t\t<div class=\"elementor-element elementor-element-b9f22e7 elementor-widget elementor-widget-text-editor\" data-id=\"b9f22e7\" data-element_type=\"widget\" data-e-type=\"widget\" data-widget_type=\"text-editor.default\">\n\t\t\t\t<div class=\"elementor-widget-container\">\n\t\t\t\t\t\t\t\t\t<p><strong>Mit dem Flugzeug oder mit dem Zug<\/strong><\/p><p>Vom Flughafen Z\u00fcrich aus erreichen Sie The Circle in wenigen Gehminuten von den Terminals. Folgen Sie der Beschilderung &#8218;Circle&#8216; bis zur Bushaltestelle, und Sie gelangen direkt zum Haupteingang von The Circle. Das Circle Convention Center befindet sich in unmittelbarer N\u00e4he des Parks. Gehen Sie geradeaus in Richtung Park, und Sie erreichen den Haupteingang des Circle Convention Centers.<\/p><p><strong>Mit dem Auto<\/strong><\/p><p>Nehmen Sie die Autobahn A51 bis zur Ausfahrt &#8218;Flughafen&#8216; und folgen Sie der linken Spur in Richtung &#8218;The Circle&#8216; sowie &#8218;Hyatt Regency&#8216;. Das n\u00e4chstgelegene Parkhaus P4 bietet direkten Zugang zum Hyatt Regency Zurich Airport The Circle, das \u00fcber eine \u00fcberdachte Fu\u00dfg\u00e4ngerbr\u00fccke mit dem Convention Center verbunden ist. Eine weitere Parkm\u00f6glichkeit ist das Parkhaus P3, das sich innerhalb des Flughafens Z\u00fcrich befindet. Folgen Sie der Beschilderung &#8218;Circle&#8216; im Einkaufsbereich des Flughafens Z\u00fcrich.<\/p>\t\t\t\t\t\t\t\t<\/div>\n\t\t\t\t<\/div>\n\t\t\t\t<div class=\"elementor-element elementor-element-251becd elementor-align-justify elementor-widget elementor-widget-button\" data-id=\"251becd\" data-element_type=\"widget\" data-e-type=\"widget\" data-widget_type=\"button.default\">\n\t\t\t\t<div class=\"elementor-widget-container\">\n\t\t\t\t\t\t\t\t\t<div class=\"elementor-button-wrapper\">\n\t\t\t\t\t<a class=\"elementor-button elementor-button-link elementor-size-sm\" href=\"https:\/\/www.flughafen-zuerich.ch\/en\/passengers\/practical\/guidance\/interactive-map\" target=\"_blank\" rel=\"noopener\">\n\t\t\t\t\t\t<span class=\"elementor-button-content-wrapper\">\n\t\t\t\t\t\t\t\t\t<span class=\"elementor-button-text\">Interactive Map<\/span>\n\t\t\t\t\t<\/span>\n\t\t\t\t\t<\/a>\n\t\t\t\t<\/div>\n\t\t\t\t\t\t\t\t<\/div>\n\t\t\t\t<\/div>\n\t\t\t\t\t<\/div>\n\t\t\t\t<\/div>\n\t\t<div class=\"elementor-element elementor-element-ed784fa e-flex e-con-boxed e-con e-parent\" data-id=\"ed784fa\" data-element_type=\"container\" data-e-type=\"container\" data-settings=\"{&quot;background_background&quot;:&quot;video&quot;,&quot;background_video_link&quot;:&quot;https:\\\/\\\/thecircleconventioncenter.ch\\\/wp-content\\\/uploads\\\/2024\\\/10\\\/hyatt_place_zurich_the_circle_mast.webm&quot;}\">\n\t\t\t\t\t<div class=\"e-con-inner\">\n\t\t<div class=\"elementor-background-video-container elementor-hidden-mobile\">\n\t\t\t\t\t\t\t<video class=\"elementor-background-video-hosted\" role=\"presentation\" autoplay muted playsinline loop><\/video>\n\t\t\t\t\t<\/div>\t\t\t<\/div>\n\t\t\t\t<\/div>\n\t\t\t\t<\/div>\n\t\t","protected":false},"excerpt":{"rendered":"<p>Einfache Ankunft, Nahtlos verbunden Perfekt verbunden mit dem Flughafen Z\u00fcrich und dem Herzen der Stadt bietet The Circle unvergleichliche Bequemlichkeit und Erreichbarkeit. Anreise Mit dem Flugzeug oder mit dem Zug Vom Flughafen Z\u00fcrich aus erreichen Sie The Circle in wenigen Gehminuten von den Terminals. Folgen Sie der Beschilderung &#8218;Circle&#8216; bis zur Bushaltestelle, und Sie gelangen [&hellip;]<\/p>\n","protected":false},"author":5,"featured_media":2377,"parent":0,"menu_order":0,"comment_status":"closed","ping_status":"closed","template":"","meta":{"_acf_changed":false,"footnotes":""},"class_list":["post-2376","page","type-page","status-publish","has-post-thumbnail","hentry"],"acf":[],"_links":{"self":[{"href":"https:\/\/thecircleconventioncenter.ch\/de\/wp-json\/wp\/v2\/pages\/2376","targetHints":{"allow":["GET"]}}],"collection":[{"href":"https:\/\/thecircleconventioncenter.ch\/de\/wp-json\/wp\/v2\/pages"}],"about":[{"href":"https:\/\/thecircleconventioncenter.ch\/de\/wp-json\/wp\/v2\/types\/page"}],"author":[{"embeddable":true,"href":"https:\/\/thecircleconventioncenter.ch\/de\/wp-json\/wp\/v2\/users\/5"}],"replies":[{"embeddable":true,"href":"https:\/\/thecircleconventioncenter.ch\/de\/wp-json\/wp\/v2\/comments?post=2376"}],"version-history":[{"count":0,"href":"https:\/\/thecircleconventioncenter.ch\/de\/wp-json\/wp\/v2\/pages\/2376\/revisions"}],"wp:featuredmedia":[{"embeddable":true,"href":"https:\/\/thecircleconventioncenter.ch\/de\/wp-json\/wp\/v2\/media\/2377"}],"wp:attachment":[{"href":"https:\/\/thecircleconventioncenter.ch\/de\/wp-json\/wp\/v2\/media?parent=2376"}],"curies":[{"name":"wp","href":"https:\/\/api.w.org\/{rel}","templated":true}]}}