{"id":2384,"date":"2024-10-08T11:25:54","date_gmt":"2024-10-08T09:25:54","guid":{"rendered":"https:\/\/hyatt.d4dcloud.com\/experiences-2\/"},"modified":"2025-01-22T13:31:44","modified_gmt":"2025-01-22T13:31:44","slug":"erlebnise","status":"publish","type":"page","link":"https:\/\/thecircleconventioncenter.ch\/de\/erlebnise\/","title":{"rendered":"Erlebnisse"},"content":{"rendered":"\t\t<div data-elementor-type=\"wp-post\" data-elementor-id=\"2384\" class=\"elementor elementor-2384\" data-elementor-post-type=\"page\">\n\t\t\t\t<div class=\"elementor-element elementor-element-3a4081a e-flex e-con-boxed e-con e-parent\" data-id=\"3a4081a\" data-element_type=\"container\" data-e-type=\"container\">\n\t\t\t\t\t<div class=\"e-con-inner\">\n\t\t\t\t<div class=\"elementor-element elementor-element-87f84f4 elementor-widget__width-inherit elementor-widget elementor-widget-heading\" data-id=\"87f84f4\" data-element_type=\"widget\" data-e-type=\"widget\" data-widget_type=\"heading.default\">\n\t\t\t\t<div class=\"elementor-widget-container\">\n\t\t\t\t\t<h2 class=\"elementor-heading-title elementor-size-default\">WO JEDER MOMENT<\/h2>\t\t\t\t<\/div>\n\t\t\t\t<\/div>\n\t\t\t\t<div class=\"elementor-element elementor-element-49dadd2 elementor-widget__width-inherit elementor-widget elementor-widget-heading\" data-id=\"49dadd2\" data-element_type=\"widget\" data-e-type=\"widget\" data-widget_type=\"heading.default\">\n\t\t\t\t<div class=\"elementor-widget-container\">\n\t\t\t\t\t<h3 class=\"elementor-heading-title elementor-size-default\">ZU EINEM ERLEBNIS WIRD<\/h3>\t\t\t\t<\/div>\n\t\t\t\t<\/div>\n\t\t\t\t<div class=\"elementor-element elementor-element-5ad28da elementor-widget elementor-widget-text-editor\" data-id=\"5ad28da\" data-element_type=\"widget\" data-e-type=\"widget\" data-widget_type=\"text-editor.default\">\n\t\t\t\t<div class=\"elementor-widget-container\">\n\t\t\t\t\t\t\t\t\t<p>Das Convention Center ist der perfekte Veranstaltungsort f\u00fcr eine Vielzahl von Events, darunter Kongresse, Gesch\u00e4ftstreffen und grosse Konferenzen. Die flexiblen R\u00e4ume bieten eine elegante Kulisse, die ideal f\u00fcr Galadinners, Messen, Produkteinf\u00fchrungen und vieles mehr ist.<\/p><p>Egal, ob Sie ein intimes Meeting oder eine gro\u00dfe Unternehmensveranstaltung ausrichten, das Convention Center bietet eine anspruchsvolle Umgebung, die auf die einzigartigen Bed\u00fcrfnisse jeder Gelegenheit abgestimmt ist. Erleben Sie die Vielseitigkeit und Professionalit\u00e4t, die es zur ersten Wahl f\u00fcr jede Unternehmensveranstaltung machen.<\/p>\t\t\t\t\t\t\t\t<\/div>\n\t\t\t\t<\/div>\n\t\t\t\t<div class=\"elementor-element elementor-element-440119d elementor-widget elementor-widget-gallery\" data-id=\"440119d\" data-element_type=\"widget\" data-e-type=\"widget\" data-settings=\"{&quot;gap&quot;:{&quot;unit&quot;:&quot;px&quot;,&quot;size&quot;:18,&quot;sizes&quot;:[]},&quot;aspect_ratio&quot;:&quot;4:3&quot;,&quot;lazyload&quot;:&quot;yes&quot;,&quot;gallery_layout&quot;:&quot;grid&quot;,&quot;columns&quot;:4,&quot;columns_tablet&quot;:2,&quot;columns_mobile&quot;:1,&quot;gap_tablet&quot;:{&quot;unit&quot;:&quot;px&quot;,&quot;size&quot;:10,&quot;sizes&quot;:[]},&quot;gap_mobile&quot;:{&quot;unit&quot;:&quot;px&quot;,&quot;size&quot;:10,&quot;sizes&quot;:[]},&quot;link_to&quot;:&quot;file&quot;,&quot;overlay_background&quot;:&quot;yes&quot;,&quot;content_hover_animation&quot;:&quot;fade-in&quot;}\" data-widget_type=\"gallery.default\">\n\t\t\t\t<div class=\"elementor-widget-container\">\n\t\t\t\t\t\t\t<div class=\"elementor-gallery__container\">\n\t\t\t\t\t\t\t<a class=\"e-gallery-item elementor-gallery-item elementor-animated-content\" href=\"https:\/\/thecircleconventioncenter.ch\/wp-content\/uploads\/2024\/10\/3_1920x1280.jpg\" data-elementor-open-lightbox=\"yes\" data-elementor-lightbox-slideshow=\"440119d\" data-elementor-lightbox-title=\"3_1920x1280\" data-e-action-hash=\"#elementor-action%3Aaction%3Dlightbox%26settings%3DeyJpZCI6MTcyNywidXJsIjoiaHR0cHM6XC9cL3RoZWNpcmNsZWNvbnZlbnRpb25jZW50ZXIuY2hcL3dwLWNvbnRlbnRcL3VwbG9hZHNcLzIwMjRcLzEwXC8zXzE5MjB4MTI4MC5qcGciLCJzbGlkZXNob3ciOiI0NDAxMTlkIn0%3D\">\n\t\t\t\t\t<div class=\"e-gallery-image elementor-gallery-item__image\" data-thumbnail=\"https:\/\/thecircleconventioncenter.ch\/wp-content\/uploads\/2024\/10\/3_1920x1280-1024x683.jpg\" data-width=\"800\" data-height=\"534\" aria-label=\"\" role=\"img\" ><\/div>\n\t\t\t\t\t\t\t\t\t\t\t<div class=\"elementor-gallery-item__overlay\"><\/div>\n\t\t\t\t\t\t\t\t\t\t\t\t\t\t<\/a>\n\t\t\t\t\t\t\t<a class=\"e-gallery-item elementor-gallery-item elementor-animated-content\" href=\"https:\/\/thecircleconventioncenter.ch\/wp-content\/uploads\/2024\/11\/ZRHRZ-P0197-The-Circle-Convention-Center-Warm-Buffet-scaled.jpg\" data-elementor-open-lightbox=\"yes\" data-elementor-lightbox-slideshow=\"440119d\" data-elementor-lightbox-title=\"ZRHRZ_P0197 The Circle Convention Center Warm Buffet\" data-e-action-hash=\"#elementor-action%3Aaction%3Dlightbox%26settings%3DeyJpZCI6MjA3MSwidXJsIjoiaHR0cHM6XC9cL3RoZWNpcmNsZWNvbnZlbnRpb25jZW50ZXIuY2hcL3dwLWNvbnRlbnRcL3VwbG9hZHNcLzIwMjRcLzExXC9aUkhSWi1QMDE5Ny1UaGUtQ2lyY2xlLUNvbnZlbnRpb24tQ2VudGVyLVdhcm0tQnVmZmV0LXNjYWxlZC5qcGciLCJzbGlkZXNob3ciOiI0NDAxMTlkIn0%3D\">\n\t\t\t\t\t<div class=\"e-gallery-image elementor-gallery-item__image\" data-thumbnail=\"https:\/\/thecircleconventioncenter.ch\/wp-content\/uploads\/2024\/11\/ZRHRZ-P0197-The-Circle-Convention-Center-Warm-Buffet-1024x683.jpg\" data-width=\"800\" data-height=\"534\" aria-label=\"\" role=\"img\" ><\/div>\n\t\t\t\t\t\t\t\t\t\t\t<div class=\"elementor-gallery-item__overlay\"><\/div>\n\t\t\t\t\t\t\t\t\t\t\t\t\t\t<\/a>\n\t\t\t\t\t\t\t<a class=\"e-gallery-item elementor-gallery-item elementor-animated-content\" href=\"https:\/\/thecircleconventioncenter.ch\/wp-content\/uploads\/2024\/11\/ZRHRZ-P0289-Healthy-Coffee-Break-scaled.jpg\" data-elementor-open-lightbox=\"yes\" data-elementor-lightbox-slideshow=\"440119d\" data-elementor-lightbox-title=\"ZRHRZ_Pxxxx Healthy Coffee Break\" data-e-action-hash=\"#elementor-action%3Aaction%3Dlightbox%26settings%3DeyJpZCI6MjA2OSwidXJsIjoiaHR0cHM6XC9cL3RoZWNpcmNsZWNvbnZlbnRpb25jZW50ZXIuY2hcL3dwLWNvbnRlbnRcL3VwbG9hZHNcLzIwMjRcLzExXC9aUkhSWi1QMDI4OS1IZWFsdGh5LUNvZmZlZS1CcmVhay1zY2FsZWQuanBnIiwic2xpZGVzaG93IjoiNDQwMTE5ZCJ9\">\n\t\t\t\t\t<div class=\"e-gallery-image elementor-gallery-item__image\" data-thumbnail=\"https:\/\/thecircleconventioncenter.ch\/wp-content\/uploads\/2024\/11\/ZRHRZ-P0289-Healthy-Coffee-Break-1024x683.jpg\" data-width=\"800\" data-height=\"534\" aria-label=\"\" role=\"img\" ><\/div>\n\t\t\t\t\t\t\t\t\t\t\t<div class=\"elementor-gallery-item__overlay\"><\/div>\n\t\t\t\t\t\t\t\t\t\t\t\t\t\t<\/a>\n\t\t\t\t\t\t\t<a class=\"e-gallery-item elementor-gallery-item elementor-animated-content\" href=\"https:\/\/thecircleconventioncenter.ch\/wp-content\/uploads\/2024\/10\/6_1536x1920.jpg\" data-elementor-open-lightbox=\"yes\" data-elementor-lightbox-slideshow=\"440119d\" data-elementor-lightbox-title=\"6_1536x1920\" data-e-action-hash=\"#elementor-action%3Aaction%3Dlightbox%26settings%3DeyJpZCI6MTczMCwidXJsIjoiaHR0cHM6XC9cL3RoZWNpcmNsZWNvbnZlbnRpb25jZW50ZXIuY2hcL3dwLWNvbnRlbnRcL3VwbG9hZHNcLzIwMjRcLzEwXC82XzE1MzZ4MTkyMC5qcGciLCJzbGlkZXNob3ciOiI0NDAxMTlkIn0%3D\">\n\t\t\t\t\t<div class=\"e-gallery-image elementor-gallery-item__image\" data-thumbnail=\"https:\/\/thecircleconventioncenter.ch\/wp-content\/uploads\/2024\/10\/6_1536x1920-819x1024.jpg\" data-width=\"800\" data-height=\"1000\" aria-label=\"\" role=\"img\" ><\/div>\n\t\t\t\t\t\t\t\t\t\t\t<div class=\"elementor-gallery-item__overlay\"><\/div>\n\t\t\t\t\t\t\t\t\t\t\t\t\t\t<\/a>\n\t\t\t\t\t\t\t<a class=\"e-gallery-item elementor-gallery-item elementor-animated-content\" href=\"https:\/\/thecircleconventioncenter.ch\/wp-content\/uploads\/2024\/11\/ZRHRZ-P0209-The-Circle-Convention-Center-Meeting-scaled.jpg\" data-elementor-open-lightbox=\"yes\" data-elementor-lightbox-slideshow=\"440119d\" data-elementor-lightbox-title=\"ZRHRZ_P0209 The Circle Convention Center Meeting\" data-e-action-hash=\"#elementor-action%3Aaction%3Dlightbox%26settings%3DeyJpZCI6MjA3NSwidXJsIjoiaHR0cHM6XC9cL3RoZWNpcmNsZWNvbnZlbnRpb25jZW50ZXIuY2hcL3dwLWNvbnRlbnRcL3VwbG9hZHNcLzIwMjRcLzExXC9aUkhSWi1QMDIwOS1UaGUtQ2lyY2xlLUNvbnZlbnRpb24tQ2VudGVyLU1lZXRpbmctc2NhbGVkLmpwZyIsInNsaWRlc2hvdyI6IjQ0MDExOWQifQ%3D%3D\">\n\t\t\t\t\t<div class=\"e-gallery-image elementor-gallery-item__image\" data-thumbnail=\"https:\/\/thecircleconventioncenter.ch\/wp-content\/uploads\/2024\/11\/ZRHRZ-P0209-The-Circle-Convention-Center-Meeting-1024x683.jpg\" data-width=\"800\" data-height=\"534\" aria-label=\"\" role=\"img\" ><\/div>\n\t\t\t\t\t\t\t\t\t\t\t<div class=\"elementor-gallery-item__overlay\"><\/div>\n\t\t\t\t\t\t\t\t\t\t\t\t\t\t<\/a>\n\t\t\t\t\t\t\t<a class=\"e-gallery-item elementor-gallery-item elementor-animated-content\" href=\"https:\/\/thecircleconventioncenter.ch\/wp-content\/uploads\/2024\/10\/12_1920x1280.jpg\" data-elementor-open-lightbox=\"yes\" data-elementor-lightbox-slideshow=\"440119d\" data-elementor-lightbox-title=\"12_1920x1280\" data-e-action-hash=\"#elementor-action%3Aaction%3Dlightbox%26settings%3DeyJpZCI6MTcxMiwidXJsIjoiaHR0cHM6XC9cL3RoZWNpcmNsZWNvbnZlbnRpb25jZW50ZXIuY2hcL3dwLWNvbnRlbnRcL3VwbG9hZHNcLzIwMjRcLzEwXC8xMl8xOTIweDEyODAuanBnIiwic2xpZGVzaG93IjoiNDQwMTE5ZCJ9\">\n\t\t\t\t\t<div class=\"e-gallery-image elementor-gallery-item__image\" data-thumbnail=\"https:\/\/thecircleconventioncenter.ch\/wp-content\/uploads\/2024\/10\/12_1920x1280-1024x683.jpg\" data-width=\"800\" data-height=\"534\" aria-label=\"\" role=\"img\" ><\/div>\n\t\t\t\t\t\t\t\t\t\t\t<div class=\"elementor-gallery-item__overlay\"><\/div>\n\t\t\t\t\t\t\t\t\t\t\t\t\t\t<\/a>\n\t\t\t\t\t\t\t<a class=\"e-gallery-item elementor-gallery-item elementor-animated-content\" href=\"https:\/\/thecircleconventioncenter.ch\/wp-content\/uploads\/2024\/10\/14_1920x1280.jpg\" data-elementor-open-lightbox=\"yes\" data-elementor-lightbox-slideshow=\"440119d\" data-elementor-lightbox-title=\"14_1920x1280\" data-e-action-hash=\"#elementor-action%3Aaction%3Dlightbox%26settings%3DeyJpZCI6MTcxMywidXJsIjoiaHR0cHM6XC9cL3RoZWNpcmNsZWNvbnZlbnRpb25jZW50ZXIuY2hcL3dwLWNvbnRlbnRcL3VwbG9hZHNcLzIwMjRcLzEwXC8xNF8xOTIweDEyODAuanBnIiwic2xpZGVzaG93IjoiNDQwMTE5ZCJ9\">\n\t\t\t\t\t<div class=\"e-gallery-image elementor-gallery-item__image\" data-thumbnail=\"https:\/\/thecircleconventioncenter.ch\/wp-content\/uploads\/2024\/10\/14_1920x1280-1024x683.jpg\" data-width=\"800\" data-height=\"534\" aria-label=\"\" role=\"img\" ><\/div>\n\t\t\t\t\t\t\t\t\t\t\t<div class=\"elementor-gallery-item__overlay\"><\/div>\n\t\t\t\t\t\t\t\t\t\t\t\t\t\t<\/a>\n\t\t\t\t\t\t\t<a class=\"e-gallery-item elementor-gallery-item elementor-animated-content\" href=\"https:\/\/thecircleconventioncenter.ch\/wp-content\/uploads\/2024\/11\/ZRHRZ-P0211-Table-Bouquet-Events-Pink-scaled.jpg\" data-elementor-open-lightbox=\"yes\" data-elementor-lightbox-slideshow=\"440119d\" data-elementor-lightbox-title=\"ZRHRZ_P0211 Table Bouquet Events Pink\" data-e-action-hash=\"#elementor-action%3Aaction%3Dlightbox%26settings%3DeyJpZCI6MjA2OCwidXJsIjoiaHR0cHM6XC9cL3RoZWNpcmNsZWNvbnZlbnRpb25jZW50ZXIuY2hcL3dwLWNvbnRlbnRcL3VwbG9hZHNcLzIwMjRcLzExXC9aUkhSWi1QMDIxMS1UYWJsZS1Cb3VxdWV0LUV2ZW50cy1QaW5rLXNjYWxlZC5qcGciLCJzbGlkZXNob3ciOiI0NDAxMTlkIn0%3D\">\n\t\t\t\t\t<div class=\"e-gallery-image elementor-gallery-item__image\" data-thumbnail=\"https:\/\/thecircleconventioncenter.ch\/wp-content\/uploads\/2024\/11\/ZRHRZ-P0211-Table-Bouquet-Events-Pink-1024x683.jpg\" data-width=\"800\" data-height=\"534\" aria-label=\"\" role=\"img\" ><\/div>\n\t\t\t\t\t\t\t\t\t\t\t<div class=\"elementor-gallery-item__overlay\"><\/div>\n\t\t\t\t\t\t\t\t\t\t\t\t\t\t<\/a>\n\t\t\t\t\t\t\t<a class=\"e-gallery-item elementor-gallery-item elementor-animated-content\" href=\"https:\/\/thecircleconventioncenter.ch\/wp-content\/uploads\/2024\/11\/ZRHRZ-P0268-Convention-Hall-Conference-scaled.jpg\" data-elementor-open-lightbox=\"yes\" data-elementor-lightbox-slideshow=\"440119d\" data-elementor-lightbox-title=\"ZRHRZ_P0268 Convention Hall Conference\" data-e-action-hash=\"#elementor-action%3Aaction%3Dlightbox%26settings%3DeyJpZCI6MjA3MCwidXJsIjoiaHR0cHM6XC9cL3RoZWNpcmNsZWNvbnZlbnRpb25jZW50ZXIuY2hcL3dwLWNvbnRlbnRcL3VwbG9hZHNcLzIwMjRcLzExXC9aUkhSWi1QMDI2OC1Db252ZW50aW9uLUhhbGwtQ29uZmVyZW5jZS1zY2FsZWQuanBnIiwic2xpZGVzaG93IjoiNDQwMTE5ZCJ9\">\n\t\t\t\t\t<div class=\"e-gallery-image elementor-gallery-item__image\" data-thumbnail=\"https:\/\/thecircleconventioncenter.ch\/wp-content\/uploads\/2024\/11\/ZRHRZ-P0268-Convention-Hall-Conference-1024x683.jpg\" data-width=\"800\" data-height=\"534\" aria-label=\"\" role=\"img\" ><\/div>\n\t\t\t\t\t\t\t\t\t\t\t<div class=\"elementor-gallery-item__overlay\"><\/div>\n\t\t\t\t\t\t\t\t\t\t\t\t\t\t<\/a>\n\t\t\t\t\t\t\t<a class=\"e-gallery-item elementor-gallery-item elementor-animated-content\" href=\"https:\/\/thecircleconventioncenter.ch\/wp-content\/uploads\/2024\/10\/11_1440x1920.jpg\" data-elementor-open-lightbox=\"yes\" data-elementor-lightbox-slideshow=\"440119d\" data-elementor-lightbox-title=\"11_1440x1920\" data-e-action-hash=\"#elementor-action%3Aaction%3Dlightbox%26settings%3DeyJpZCI6MTcxMSwidXJsIjoiaHR0cHM6XC9cL3RoZWNpcmNsZWNvbnZlbnRpb25jZW50ZXIuY2hcL3dwLWNvbnRlbnRcL3VwbG9hZHNcLzIwMjRcLzEwXC8xMV8xNDQweDE5MjAuanBnIiwic2xpZGVzaG93IjoiNDQwMTE5ZCJ9\">\n\t\t\t\t\t<div class=\"e-gallery-image elementor-gallery-item__image\" data-thumbnail=\"https:\/\/thecircleconventioncenter.ch\/wp-content\/uploads\/2024\/10\/11_1440x1920-768x1024.jpg\" data-width=\"768\" data-height=\"1024\" aria-label=\"\" role=\"img\" ><\/div>\n\t\t\t\t\t\t\t\t\t\t\t<div class=\"elementor-gallery-item__overlay\"><\/div>\n\t\t\t\t\t\t\t\t\t\t\t\t\t\t<\/a>\n\t\t\t\t\t<\/div>\n\t\t\t\t\t<\/div>\n\t\t\t\t<\/div>\n\t\t\t\t\t<\/div>\n\t\t\t\t<\/div>\n\t\t<div class=\"elementor-element elementor-element-e63533c e-flex e-con-boxed e-con e-parent\" data-id=\"e63533c\" data-element_type=\"container\" data-e-type=\"container\">\n\t\t\t\t\t<div class=\"e-con-inner\">\n\t\t\t\t\t<\/div>\n\t\t\t\t<\/div>\n\t\t\t\t<\/div>\n\t\t","protected":false},"excerpt":{"rendered":"<p>WO JEDER MOMENT ZU EINEM ERLEBNIS WIRD Das Convention Center ist der perfekte Veranstaltungsort f\u00fcr eine Vielzahl von Events, darunter Kongresse, Gesch\u00e4ftstreffen und grosse Konferenzen. Die flexiblen R\u00e4ume bieten eine elegante Kulisse, die ideal f\u00fcr Galadinners, Messen, Produkteinf\u00fchrungen und vieles mehr ist. Egal, ob Sie ein intimes Meeting oder eine gro\u00dfe Unternehmensveranstaltung ausrichten, das Convention [&hellip;]<\/p>\n","protected":false},"author":1,"featured_media":2385,"parent":0,"menu_order":0,"comment_status":"closed","ping_status":"closed","template":"","meta":{"_acf_changed":false,"footnotes":""},"class_list":["post-2384","page","type-page","status-publish","has-post-thumbnail","hentry"],"acf":[],"_links":{"self":[{"href":"https:\/\/thecircleconventioncenter.ch\/de\/wp-json\/wp\/v2\/pages\/2384","targetHints":{"allow":["GET"]}}],"collection":[{"href":"https:\/\/thecircleconventioncenter.ch\/de\/wp-json\/wp\/v2\/pages"}],"about":[{"href":"https:\/\/thecircleconventioncenter.ch\/de\/wp-json\/wp\/v2\/types\/page"}],"author":[{"embeddable":true,"href":"https:\/\/thecircleconventioncenter.ch\/de\/wp-json\/wp\/v2\/users\/1"}],"replies":[{"embeddable":true,"href":"https:\/\/thecircleconventioncenter.ch\/de\/wp-json\/wp\/v2\/comments?post=2384"}],"version-history":[{"count":0,"href":"https:\/\/thecircleconventioncenter.ch\/de\/wp-json\/wp\/v2\/pages\/2384\/revisions"}],"wp:featuredmedia":[{"embeddable":true,"href":"https:\/\/thecircleconventioncenter.ch\/de\/wp-json\/wp\/v2\/media\/2385"}],"wp:attachment":[{"href":"https:\/\/thecircleconventioncenter.ch\/de\/wp-json\/wp\/v2\/media?parent=2384"}],"curies":[{"name":"wp","href":"https:\/\/api.w.org\/{rel}","templated":true}]}}