{"id":2389,"date":"2024-10-08T11:29:31","date_gmt":"2024-10-08T09:29:31","guid":{"rendered":"https:\/\/hyatt.d4dcloud.com\/location\/"},"modified":"2025-01-22T10:04:48","modified_gmt":"2025-01-22T10:04:48","slug":"standort","status":"publish","type":"page","link":"https:\/\/thecircleconventioncenter.ch\/de\/standort\/","title":{"rendered":"Standort"},"content":{"rendered":"\t\t<div data-elementor-type=\"wp-post\" data-elementor-id=\"2389\" class=\"elementor elementor-2389 elementor-1479\" data-elementor-post-type=\"page\">\n\t\t\t\t<div class=\"elementor-element elementor-element-3a4081a e-flex e-con-boxed e-con e-parent\" data-id=\"3a4081a\" data-element_type=\"container\" data-e-type=\"container\">\n\t\t\t\t\t<div class=\"e-con-inner\">\n\t\t\t\t<div class=\"elementor-element elementor-element-87f84f4 elementor-widget__width-inherit elementor-widget elementor-widget-heading\" data-id=\"87f84f4\" data-element_type=\"widget\" data-e-type=\"widget\" data-widget_type=\"heading.default\">\n\t\t\t\t<div class=\"elementor-widget-container\">\n\t\t\t\t\t<h2 class=\"elementor-heading-title elementor-size-default\">Willkommen in Z\u00fcrich<\/h2>\t\t\t\t<\/div>\n\t\t\t\t<\/div>\n\t\t\t\t<div class=\"elementor-element elementor-element-5ad28da elementor-widget elementor-widget-text-editor\" data-id=\"5ad28da\" data-element_type=\"widget\" data-e-type=\"widget\" data-widget_type=\"text-editor.default\">\n\t\t\t\t<div class=\"elementor-widget-container\">\n\t\t\t\t\t\t\t\t\t<p>Das Circle Convention Center am Flughafen Z\u00fcrich hebt sich als moderne Veranstaltungsdestination in Europa hervor. In Zusammenarbeit mit Hyatt Regency und Hyatt Place bietet es mittelgrosse bis grosse Veranstaltungsr\u00e4ume mit aussergew\u00f6hnlicher Erreichbarkeit, modernster Technologie, erstklassiger Qualit\u00e4t und der N\u00e4he zur Natur \u2013 alles vereint mit der besten Schweizer Gastfreundschaft.<\/p>\t\t\t\t\t\t\t\t<\/div>\n\t\t\t\t<\/div>\n\t\t\t\t\t<\/div>\n\t\t\t\t<\/div>\n\t\t<div class=\"elementor-element elementor-element-3aeff27 e-flex e-con-boxed e-con e-parent\" data-id=\"3aeff27\" data-element_type=\"container\" data-e-type=\"container\" data-settings=\"{&quot;background_background&quot;:&quot;classic&quot;}\">\n\t\t\t\t\t<div class=\"e-con-inner\">\n\t\t<div class=\"elementor-element elementor-element-4091ca5 e-con-full animated-slow e-flex elementor-invisible e-con e-child\" data-id=\"4091ca5\" data-element_type=\"container\" data-e-type=\"container\" data-settings=\"{&quot;animation&quot;:&quot;fadeInLeft&quot;}\">\n\t\t\t\t<div class=\"elementor-element elementor-element-2087c2b elementor-widget elementor-widget-video\" data-id=\"2087c2b\" data-element_type=\"widget\" data-e-type=\"widget\" data-settings=\"{&quot;show_image_overlay&quot;:&quot;yes&quot;,&quot;image_overlay&quot;:{&quot;url&quot;:&quot;https:\\\/\\\/thecircleconventioncenter.ch\\\/wp-content\\\/uploads\\\/2024\\\/05\\\/Hyatt27804.jpg&quot;,&quot;id&quot;:240,&quot;size&quot;:&quot;&quot;,&quot;alt&quot;:&quot;&quot;,&quot;source&quot;:&quot;library&quot;},&quot;lightbox&quot;:&quot;yes&quot;,&quot;video_type&quot;:&quot;hosted&quot;}\" data-widget_type=\"video.default\">\n\t\t\t\t<div class=\"elementor-widget-container\">\n\t\t\t\t\t\t\t<div class=\"e-hosted-video elementor-wrapper elementor-open-lightbox\">\n\t\t\t\t\t\t\t<div class=\"elementor-custom-embed-image-overlay\" data-elementor-open-lightbox=\"yes\" data-elementor-lightbox=\"{&quot;type&quot;:&quot;video&quot;,&quot;videoType&quot;:&quot;hosted&quot;,&quot;url&quot;:&quot;https:\\\/\\\/thecircleconventioncenter.ch\\\/wp-content\\\/uploads\\\/2025\\\/01\\\/The-Circle-Convention-Center.mp4&quot;,&quot;autoplay&quot;:&quot;&quot;,&quot;modalOptions&quot;:{&quot;id&quot;:&quot;elementor-lightbox-2087c2b&quot;,&quot;entranceAnimation&quot;:&quot;&quot;,&quot;entranceAnimation_tablet&quot;:&quot;&quot;,&quot;entranceAnimation_mobile&quot;:&quot;&quot;,&quot;videoAspectRatio&quot;:&quot;11&quot;},&quot;videoParams&quot;:{&quot;preload&quot;:&quot;metadata&quot;,&quot;controlsList&quot;:&quot;nodownload&quot;}}\" data-e-action-hash=\"#elementor-action%3Aaction%3Dlightbox%26settings%3DeyJ0eXBlIjoidmlkZW8iLCJ2aWRlb1R5cGUiOiJob3N0ZWQiLCJ1cmwiOiJodHRwczpcL1wvdGhlY2lyY2xlY29udmVudGlvbmNlbnRlci5jaFwvd3AtY29udGVudFwvdXBsb2Fkc1wvMjAyNVwvMDFcL1RoZS1DaXJjbGUtQ29udmVudGlvbi1DZW50ZXIubXA0IiwiYXV0b3BsYXkiOiIiLCJtb2RhbE9wdGlvbnMiOnsiaWQiOiJlbGVtZW50b3ItbGlnaHRib3gtMjA4N2MyYiIsImVudHJhbmNlQW5pbWF0aW9uIjoiIiwiZW50cmFuY2VBbmltYXRpb25fdGFibGV0IjoiIiwiZW50cmFuY2VBbmltYXRpb25fbW9iaWxlIjoiIiwidmlkZW9Bc3BlY3RSYXRpbyI6IjExIn0sInZpZGVvUGFyYW1zIjp7InByZWxvYWQiOiJtZXRhZGF0YSIsImNvbnRyb2xzTGlzdCI6Im5vZG93bmxvYWQifX0%3D\">\n\t\t\t\t\t\t\t\t\t\t\t<img loading=\"lazy\" decoding=\"async\" width=\"2400\" height=\"1600\" src=\"https:\/\/thecircleconventioncenter.ch\/wp-content\/uploads\/2024\/05\/Hyatt27804.jpg\" class=\"attachment-full size-full wp-image-240\" alt=\"\" \/>\t\t\t\t\t\t\t\t\t\t\t\t\t\t\t\t<div class=\"elementor-custom-embed-play\" role=\"button\" aria-label=\"Video abspielen\" tabindex=\"0\">\n\t\t\t\t\t\t\t<svg xmlns=\"http:\/\/www.w3.org\/2000\/svg\" xmlns:xlink=\"http:\/\/www.w3.org\/1999\/xlink\" width=\"100pt\" height=\"100pt\" viewBox=\"0 0 100 100\"><g id=\"surface275\"><path style=\" stroke:none;fill-rule:nonzero;fill:rgb(100%,100%,100%);fill-opacity:1;\" d=\"M 50 4 C 24.617188 4 4 24.617188 4 50 C 4 75.382812 24.617188 96 50 96 C 75.382812 96 96 75.382812 96 50 C 96 24.617188 75.382812 4 50 4 Z M 50 8 C 73.21875 8 92 26.78125 92 50 C 92 73.21875 73.21875 92 50 92 C 26.78125 92 8 73.21875 8 50 C 8 26.78125 26.78125 8 50 8 Z M 36 26.5 L 36 73.5 L 39 71.75 L 73 51.75 L 75.9375 50 L 73 48.25 L 39 28.25 Z M 40 33.5 L 68 50 L 40 66.5 Z M 40 33.5 \"><\/path><\/g><\/svg>\t\t\t\t\t\t<\/div>\n\t\t\t\t\t\t\t\t\t<\/div>\n\t\t\t\t\t<\/div>\n\t\t\t\t\t\t<\/div>\n\t\t\t\t<\/div>\n\t\t\t\t<\/div>\n\t\t<div class=\"elementor-element elementor-element-d568a96 e-con-full e-flex e-con e-child\" data-id=\"d568a96\" data-element_type=\"container\" data-e-type=\"container\" data-settings=\"{&quot;background_background&quot;:&quot;classic&quot;}\">\n\t\t\t\t<div class=\"elementor-element elementor-element-4de9157 elementor-widget elementor-widget-heading\" data-id=\"4de9157\" data-element_type=\"widget\" data-e-type=\"widget\" data-widget_type=\"heading.default\">\n\t\t\t\t<div class=\"elementor-widget-container\">\n\t\t\t\t\t<h2 class=\"elementor-heading-title elementor-size-default\">Z\u00fcrichs neue Destination<\/h2>\t\t\t\t<\/div>\n\t\t\t\t<\/div>\n\t\t\t\t<div class=\"elementor-element elementor-element-e77e709 elementor-widget elementor-widget-text-editor\" data-id=\"e77e709\" data-element_type=\"widget\" data-e-type=\"widget\" data-widget_type=\"text-editor.default\">\n\t\t\t\t<div class=\"elementor-widget-container\">\n\t\t\t\t\t\t\t\t\t<div class=\"flex-shrink-0 flex flex-col relative items-end\"><div><div class=\"pt-0\"><div class=\"gizmo-bot-avatar flex h-8 w-8 items-center justify-center overflow-hidden rounded-full\"><div class=\"relative p-1 rounded-sm flex items-center justify-center bg-token-main-surface-primary text-token-text-primary h-8 w-8\">Der Circle ist eine Destination f\u00fcr sich am Flughafen Z\u00fcrich. Nur wenige Schritte von den Terminalgeb\u00e4uden entfernt, bietet der architektonisch beeindruckende Komplex vielseitige Services.<\/div><div>\u00a0<\/div><\/div><\/div><\/div><\/div><div class=\"group\/conversation-turn relative flex w-full min-w-0 flex-col agent-turn\"><div class=\"flex-col gap-1 md:gap-3\"><div class=\"flex max-w-full flex-col flex-grow\"><div class=\"min-h-8 text-message flex w-full flex-col items-end gap-2 whitespace-normal break-words text-start [.text-message+&amp;]:mt-5\" dir=\"auto\" data-message-author-role=\"assistant\" data-message-id=\"cd5ceabc-35fa-4c1a-8f5b-a897bb755682\" data-message-model-slug=\"gpt-4o-mini\"><div class=\"flex w-full flex-col gap-1 empty:hidden first:pt-[3px]\"><div class=\"markdown prose w-full break-words dark:prose-invert light\"><p>Der Circle vereint das Flair eines internationalen Drehpunkts mit einem vielf\u00e4ltigen Angebot: Marken, Medizin, Bildung, Kultur, Unterhaltung, Hotels und Konferenzen. Als lebendiger Mittelpunkt f\u00fcr Business und Lifestyle schafft diese einzigartige Synergie eine Premium-Destination, die Z\u00fcrich nahtlos mit der Welt verbindet.<\/p><\/div><\/div><\/div><\/div><\/div><\/div>\t\t\t\t\t\t\t\t<\/div>\n\t\t\t\t<\/div>\n\t\t\t\t<\/div>\n\t\t\t\t\t<\/div>\n\t\t\t\t<\/div>\n\t\t<div class=\"elementor-element elementor-element-c26b665 e-flex e-con-boxed e-con e-parent\" data-id=\"c26b665\" data-element_type=\"container\" data-e-type=\"container\" data-settings=\"{&quot;background_background&quot;:&quot;classic&quot;}\">\n\t\t\t\t\t<div class=\"e-con-inner\">\n\t\t<div class=\"elementor-element elementor-element-a8c5d8b e-con-full e-flex e-con e-child\" data-id=\"a8c5d8b\" data-element_type=\"container\" data-e-type=\"container\" data-settings=\"{&quot;background_background&quot;:&quot;classic&quot;}\">\n\t\t\t\t<div class=\"elementor-element elementor-element-eda7670 elementor-widget__width-initial elementor-widget elementor-widget-heading\" data-id=\"eda7670\" data-element_type=\"widget\" data-e-type=\"widget\" data-widget_type=\"heading.default\">\n\t\t\t\t<div class=\"elementor-widget-container\">\n\t\t\t\t\t<h2 class=\"elementor-heading-title elementor-size-default\">Umschlossen von der Natur<\/h2>\t\t\t\t<\/div>\n\t\t\t\t<\/div>\n\t\t\t\t<div class=\"elementor-element elementor-element-41da173 elementor-widget elementor-widget-text-editor\" data-id=\"41da173\" data-element_type=\"widget\" data-e-type=\"widget\" data-widget_type=\"text-editor.default\">\n\t\t\t\t<div class=\"elementor-widget-container\">\n\t\t\t\t\t\t\t\t\t<p>Der Park stellt das Erholungsgebiet f\u00fcr die gesamte Region dar. Das Design des international renommierten japanischen Architekten und Pritzker Preis Gewinners Riken Yamamoto, organisiert den Raum so, dass sich der Veranstaltungsort zum Park hin \u00f6ffnet. Alle Pflanzen, die im Park zu finden sind, haben uns zu den Namen der Konferenzr\u00e4ume im Convention Center inspiriert.<\/p><p>Die \u201eSkyplatform\u201c bietet einen Blick auf den Circle mit einem Panoramablick auf die Berge, wenn das Wetter es zul\u00e4sst. Sie ist der h\u00f6chste Punkt im Park und verf\u00fcgt \u00fcber eine Brunnenanlage.<\/p>\t\t\t\t\t\t\t\t<\/div>\n\t\t\t\t<\/div>\n\t\t\t\t<\/div>\n\t\t<div class=\"elementor-element elementor-element-36671c1 e-con-full e-flex e-con e-child\" data-id=\"36671c1\" data-element_type=\"container\" data-e-type=\"container\">\n\t\t\t\t<div class=\"elementor-element elementor-element-aab553c animated-slow elementor-invisible elementor-widget elementor-widget-image\" data-id=\"aab553c\" data-element_type=\"widget\" data-e-type=\"widget\" data-settings=\"{&quot;_animation&quot;:&quot;fadeInRight&quot;}\" data-widget_type=\"image.default\">\n\t\t\t\t<div class=\"elementor-widget-container\">\n\t\t\t\t\t\t\t\t\t\t\t\t\t\t\t<img decoding=\"async\" width=\"1920\" height=\"850\" src=\"https:\/\/thecircleconventioncenter.ch\/wp-content\/uploads\/2024\/10\/hotels_hyatt2.jpg\" class=\"attachment-full size-full wp-image-2450\" alt=\"\" loading=\"lazy\" \/>\t\t\t\t\t\t\t\t\t\t\t\t\t\t\t<\/div>\n\t\t\t\t<\/div>\n\t\t\t\t<div class=\"elementor-element elementor-element-5e65318 animated-slow elementor-invisible elementor-widget elementor-widget-image\" data-id=\"5e65318\" data-element_type=\"widget\" data-e-type=\"widget\" data-settings=\"{&quot;_animation&quot;:&quot;fadeInRight&quot;,&quot;_animation_delay&quot;:200}\" data-widget_type=\"image.default\">\n\t\t\t\t<div class=\"elementor-widget-container\">\n\t\t\t\t\t\t\t\t\t\t\t\t\t\t\t<img decoding=\"async\" width=\"2460\" height=\"1499\" src=\"https:\/\/thecircleconventioncenter.ch\/wp-content\/uploads\/2024\/06\/map.jpg\" class=\"attachment-full size-full wp-image-1570\" alt=\"\" loading=\"lazy\" \/>\t\t\t\t\t\t\t\t\t\t\t\t\t\t\t<\/div>\n\t\t\t\t<\/div>\n\t\t\t\t<\/div>\n\t\t\t\t\t<\/div>\n\t\t\t\t<\/div>\n\t\t\t\t<\/div>\n\t\t","protected":false},"excerpt":{"rendered":"<p>Willkommen in Z\u00fcrich Das Circle Convention Center am Flughafen Z\u00fcrich hebt sich als moderne Veranstaltungsdestination in Europa hervor. In Zusammenarbeit mit Hyatt Regency und Hyatt Place bietet es mittelgrosse bis grosse Veranstaltungsr\u00e4ume mit aussergew\u00f6hnlicher Erreichbarkeit, modernster Technologie, erstklassiger Qualit\u00e4t und der N\u00e4he zur Natur \u2013 alles vereint mit der besten Schweizer Gastfreundschaft. https:\/\/thecircleconventioncenter.ch\/wp-content\/uploads\/2025\/01\/The-Circle-Convention-Center.mp4 Z\u00fcrichs neue [&hellip;]<\/p>\n","protected":false},"author":1,"featured_media":2377,"parent":0,"menu_order":0,"comment_status":"closed","ping_status":"closed","template":"","meta":{"_acf_changed":false,"footnotes":""},"class_list":["post-2389","page","type-page","status-publish","has-post-thumbnail","hentry"],"acf":[],"_links":{"self":[{"href":"https:\/\/thecircleconventioncenter.ch\/de\/wp-json\/wp\/v2\/pages\/2389","targetHints":{"allow":["GET"]}}],"collection":[{"href":"https:\/\/thecircleconventioncenter.ch\/de\/wp-json\/wp\/v2\/pages"}],"about":[{"href":"https:\/\/thecircleconventioncenter.ch\/de\/wp-json\/wp\/v2\/types\/page"}],"author":[{"embeddable":true,"href":"https:\/\/thecircleconventioncenter.ch\/de\/wp-json\/wp\/v2\/users\/1"}],"replies":[{"embeddable":true,"href":"https:\/\/thecircleconventioncenter.ch\/de\/wp-json\/wp\/v2\/comments?post=2389"}],"version-history":[{"count":0,"href":"https:\/\/thecircleconventioncenter.ch\/de\/wp-json\/wp\/v2\/pages\/2389\/revisions"}],"wp:featuredmedia":[{"embeddable":true,"href":"https:\/\/thecircleconventioncenter.ch\/de\/wp-json\/wp\/v2\/media\/2377"}],"wp:attachment":[{"href":"https:\/\/thecircleconventioncenter.ch\/de\/wp-json\/wp\/v2\/media?parent=2389"}],"curies":[{"name":"wp","href":"https:\/\/api.w.org\/{rel}","templated":true}]}}