{"id":2398,"date":"2024-06-01T11:47:55","date_gmt":"2024-06-01T09:47:55","guid":{"rendered":"https:\/\/hyatt.d4dcloud.com\/map\/"},"modified":"2025-03-18T19:32:39","modified_gmt":"2025-03-18T18:32:39","slug":"veranstaltungsort","status":"publish","type":"page","link":"https:\/\/thecircleconventioncenter.ch\/de\/veranstaltungsort\/","title":{"rendered":"Veranstaltungsort"},"content":{"rendered":"\t\t<div data-elementor-type=\"wp-page\" data-elementor-id=\"2398\" class=\"elementor elementor-2398 elementor-560\" data-elementor-post-type=\"page\">\n\t\t\t\t<div class=\"elementor-element elementor-element-1b17f64 e-con-full elementor-hidden-desktop elementor-hidden-tablet elementor-hidden-mobile e-flex e-con e-parent\" data-id=\"1b17f64\" data-element_type=\"container\" data-e-type=\"container\">\n\t\t\t\t<div class=\"elementor-element elementor-element-0f5f126 elementor-widget elementor-widget-shortcode\" data-id=\"0f5f126\" data-element_type=\"widget\" data-e-type=\"widget\" data-widget_type=\"shortcode.default\">\n\t\t\t\t<div class=\"elementor-widget-container\">\n\t\t\t\t\t\t\t<div class=\"elementor-shortcode\">[mapplic-map id=\"1109\"]<\/div>\n\t\t\t\t\t\t<\/div>\n\t\t\t\t<\/div>\n\t\t\t\t<\/div>\n\t\t<div class=\"elementor-element elementor-element-c9874fd e-con-full e-flex e-con e-parent\" data-id=\"c9874fd\" data-element_type=\"container\" data-e-type=\"container\">\n\t\t\t\t<div class=\"elementor-element elementor-element-23a7f28 elementor-widget elementor-widget-html\" data-id=\"23a7f28\" data-element_type=\"widget\" data-e-type=\"widget\" data-widget_type=\"html.default\">\n\t\t\t\t<div class=\"elementor-widget-container\">\n\t\t\t\t\t<iframe width='853' height='880' src='https:\/\/my.matterport.com\/show\/?m=5sadRNPsZtk' frameborder='0' allowfullscreen allow='xr-spatial-tracking'><\/iframe>\t\t\t\t<\/div>\n\t\t\t\t<\/div>\n\t\t\t\t<\/div>\n\t\t<div class=\"elementor-element elementor-element-f294c4d e-flex e-con-boxed e-con e-parent\" data-id=\"f294c4d\" data-element_type=\"container\" data-e-type=\"container\">\n\t\t\t\t\t<div class=\"e-con-inner\">\n\t\t\t\t<div class=\"elementor-element elementor-element-e4913c1 elementor-widget__width-inherit elementor-widget elementor-widget-heading\" data-id=\"e4913c1\" data-element_type=\"widget\" data-e-type=\"widget\" data-widget_type=\"heading.default\">\n\t\t\t\t<div class=\"elementor-widget-container\">\n\t\t\t\t\t<h1 class=\"elementor-heading-title elementor-size-default\">INTERAKTIVE KARTE<\/h1>\t\t\t\t<\/div>\n\t\t\t\t<\/div>\n\t\t\t\t<div class=\"elementor-element elementor-element-ea5980d elementor-widget elementor-widget-text-editor\" data-id=\"ea5980d\" data-element_type=\"widget\" data-e-type=\"widget\" data-widget_type=\"text-editor.default\">\n\t\t\t\t<div class=\"elementor-widget-container\">\n\t\t\t\t\t\t\t\t\t<div class=\"flex-shrink-0 flex flex-col relative items-end\"><div><div class=\"pt-0\"><div class=\"gizmo-bot-avatar flex h-8 w-8 items-center justify-center overflow-hidden rounded-full\"><div class=\"relative p-1 rounded-sm flex items-center justify-center bg-token-main-surface-primary text-token-text-primary h-8 w-8\">Mit \u00fcber 2.800 Quadratmetern hochmoderner Veranstaltungsfl\u00e4che eignet sich das Convention Center f\u00fcr Kongresse, Meetings &amp; Events, Galadinner, Messen und Produktpr\u00e4sentationen. The Circle ist ideal f\u00fcr internationale Gruppen, die eine gut angebundene europ\u00e4ische Location suchen, ebenso wie f\u00fcr Unternehmen aus der Schweiz und Umgebung, die Veranstaltungen f\u00fcr nationale und internationale G\u00e4ste planen.<\/div><\/div><\/div><\/div><\/div><div class=\"group\/conversation-turn relative flex w-full min-w-0 flex-col agent-turn\"><div class=\"flex-col gap-1 md:gap-3\"><div class=\"flex max-w-full flex-col flex-grow\"><div class=\"min-h-8 text-message flex w-full flex-col items-end gap-2 whitespace-normal break-words text-start [.text-message+&amp;]:mt-5\" dir=\"auto\" data-message-author-role=\"assistant\" data-message-id=\"680e33ae-37bc-4f4e-898d-32b8c67e8d53\" data-message-model-slug=\"gpt-4o\"><div class=\"flex w-full flex-col gap-1 empty:hidden first:pt-[3px]\"><div class=\"markdown prose w-full break-words dark:prose-invert light\"><p>Das Circle Convention Center befindet sich zwischen dem Hyatt Regency Zurich Airport The Circle und dem Hyatt Place Zurich Airport The Circle und ist vom Hauptplatz des Circle aus erreichbar.<\/p><p>Das Circle Convention Center bietet Kapazit\u00e4ten f\u00fcr 1.500 G\u00e4ste in Theaterbestuhlung und 870 G\u00e4ste in Klassenraum-Bestuhlung in der 1.292 Quadratmeter grossen Convention Hall sowie 17 Meetingr\u00e4ume und 555 G\u00e4stezimmer im Hyatt Regency Zurich Airport The Circle und Hyatt Place Zurich Airport The Circle.<\/p><\/div><\/div><\/div><\/div><\/div><\/div>\t\t\t\t\t\t\t\t<\/div>\n\t\t\t\t<\/div>\n\t\t\t\t\t<\/div>\n\t\t\t\t<\/div>\n\t\t\t\t<\/div>\n\t\t","protected":false},"excerpt":{"rendered":"<p>[mapplic-map id=&#8220;1109&#8243;] INTERAKTIVE KARTE Mit \u00fcber 2.800 Quadratmetern hochmoderner Veranstaltungsfl\u00e4che eignet sich das Convention Center f\u00fcr Kongresse, Meetings &amp; Events, Galadinner, Messen und Produktpr\u00e4sentationen. The Circle ist ideal f\u00fcr internationale Gruppen, die eine gut angebundene europ\u00e4ische Location suchen, ebenso wie f\u00fcr Unternehmen aus der Schweiz und Umgebung, die Veranstaltungen f\u00fcr nationale und internationale G\u00e4ste planen. [&hellip;]<\/p>\n","protected":false},"author":1,"featured_media":0,"parent":0,"menu_order":0,"comment_status":"closed","ping_status":"closed","template":"","meta":{"_acf_changed":false,"footnotes":""},"class_list":["post-2398","page","type-page","status-publish","hentry"],"acf":[],"_links":{"self":[{"href":"https:\/\/thecircleconventioncenter.ch\/de\/wp-json\/wp\/v2\/pages\/2398","targetHints":{"allow":["GET"]}}],"collection":[{"href":"https:\/\/thecircleconventioncenter.ch\/de\/wp-json\/wp\/v2\/pages"}],"about":[{"href":"https:\/\/thecircleconventioncenter.ch\/de\/wp-json\/wp\/v2\/types\/page"}],"author":[{"embeddable":true,"href":"https:\/\/thecircleconventioncenter.ch\/de\/wp-json\/wp\/v2\/users\/1"}],"replies":[{"embeddable":true,"href":"https:\/\/thecircleconventioncenter.ch\/de\/wp-json\/wp\/v2\/comments?post=2398"}],"version-history":[{"count":0,"href":"https:\/\/thecircleconventioncenter.ch\/de\/wp-json\/wp\/v2\/pages\/2398\/revisions"}],"wp:attachment":[{"href":"https:\/\/thecircleconventioncenter.ch\/de\/wp-json\/wp\/v2\/media?parent=2398"}],"curies":[{"name":"wp","href":"https:\/\/api.w.org\/{rel}","templated":true}]}}